{"id":71,"date":"2025-06-23T20:36:12","date_gmt":"2025-06-23T20:36:12","guid":{"rendered":"https:\/\/metraseg.com.br\/wp\/?page_id=71"},"modified":"2026-04-09T07:25:44","modified_gmt":"2026-04-09T10:25:44","slug":"contato","status":"publish","type":"page","link":"https:\/\/metraseg.com.br\/wp\/contato\/","title":{"rendered":"Contato"},"content":{"rendered":"","protected":false},"excerpt":{"rendered":"","protected":false},"author":1,"featured_media":0,"parent":0,"menu_order":0,"comment_status":"closed","ping_status":"closed","template":"","meta":{"footnotes":""},"class_list":["post-71","page","type-page","status-publish","hentry"],"yoast_head":"<!-- This site is optimized with the Yoast SEO Premium plugin v27.3 (Yoast SEO v27.3) - https:\/\/yoast.com\/product\/yoast-seo-premium-wordpress\/ -->\n<title>Contato - Metraseg - Medicina e Seguran\u00e7a do trabalho<\/title>\n<meta name=\"robots\" content=\"index, follow, max-snippet:-1, max-image-preview:large, max-video-preview:-1\" \/>\n<link rel=\"canonical\" href=\"https:\/\/metraseg.com.br\/wp\/contato\/\" \/>\n<meta property=\"og:locale\" content=\"pt_BR\" \/>\n<meta property=\"og:type\" content=\"article\" \/>\n<meta property=\"og:title\" content=\"Contato\" \/>\n<meta property=\"og:url\" content=\"https:\/\/metraseg.com.br\/wp\/contato\/\" \/>\n<meta property=\"og:site_name\" content=\"Metraseg - Medicina e Seguran\u00e7a do trabalho\" \/>\n<meta property=\"article:modified_time\" content=\"2026-04-09T10:25:44+00:00\" \/>\n<meta name=\"twitter:card\" content=\"summary_large_image\" \/>\n<script type=\"application\/ld+json\" class=\"yoast-schema-graph\">{\"@context\":\"https:\\\/\\\/schema.org\",\"@graph\":[{\"@type\":\"WebPage\",\"@id\":\"https:\\\/\\\/metraseg.com.br\\\/wp\\\/contato\\\/\",\"url\":\"https:\\\/\\\/metraseg.com.br\\\/wp\\\/contato\\\/\",\"name\":\"Contato - Metraseg - Medicina e Seguran\u00e7a do trabalho\",\"isPartOf\":{\"@id\":\"https:\\\/\\\/metraseg.com.br\\\/wp\\\/#website\"},\"datePublished\":\"2025-06-23T20:36:12+00:00\",\"dateModified\":\"2026-04-09T10:25:44+00:00\",\"breadcrumb\":{\"@id\":\"https:\\\/\\\/metraseg.com.br\\\/wp\\\/contato\\\/#breadcrumb\"},\"inLanguage\":\"pt-BR\",\"potentialAction\":[{\"@type\":\"ReadAction\",\"target\":[\"https:\\\/\\\/metraseg.com.br\\\/wp\\\/contato\\\/\"]}]},{\"@type\":\"BreadcrumbList\",\"@id\":\"https:\\\/\\\/metraseg.com.br\\\/wp\\\/contato\\\/#breadcrumb\",\"itemListElement\":[{\"@type\":\"ListItem\",\"position\":1,\"name\":\"In\u00edcio\",\"item\":\"https:\\\/\\\/metraseg.com.br\\\/wp\\\/\"},{\"@type\":\"ListItem\",\"position\":2,\"name\":\"Contato\"}]},{\"@type\":\"WebSite\",\"@id\":\"https:\\\/\\\/metraseg.com.br\\\/wp\\\/#website\",\"url\":\"https:\\\/\\\/metraseg.com.br\\\/wp\\\/\",\"name\":\"Metraseg - Medicina e Seguran\u00e7a do trabalho\",\"description\":\"Solu\u00e7\u00f5es completas em medicina e seguran\u00e7a do trabalho para empresas, com atendimento especializado, exames ocupacionais, laudos, treinamentos e consultoria t\u00e9cnica.\",\"publisher\":{\"@id\":\"https:\\\/\\\/metraseg.com.br\\\/wp\\\/#organization\"},\"potentialAction\":[{\"@type\":\"SearchAction\",\"target\":{\"@type\":\"EntryPoint\",\"urlTemplate\":\"https:\\\/\\\/metraseg.com.br\\\/wp\\\/?s={search_term_string}\"},\"query-input\":{\"@type\":\"PropertyValueSpecification\",\"valueRequired\":true,\"valueName\":\"search_term_string\"}}],\"inLanguage\":\"pt-BR\"},{\"@type\":\"Organization\",\"@id\":\"https:\\\/\\\/metraseg.com.br\\\/wp\\\/#organization\",\"name\":\"Metraseg - Medicina e Seguran\u00e7a do trabalho\",\"url\":\"https:\\\/\\\/metraseg.com.br\\\/wp\\\/\",\"logo\":{\"@type\":\"ImageObject\",\"inLanguage\":\"pt-BR\",\"@id\":\"https:\\\/\\\/metraseg.com.br\\\/wp\\\/#\\\/schema\\\/logo\\\/image\\\/\",\"url\":\"https:\\\/\\\/metraseg.com.br\\\/wp\\\/wp-content\\\/uploads\\\/2026\\\/04\\\/logo-300.png\",\"contentUrl\":\"https:\\\/\\\/metraseg.com.br\\\/wp\\\/wp-content\\\/uploads\\\/2026\\\/04\\\/logo-300.png\",\"width\":300,\"height\":110,\"caption\":\"Metraseg - Medicina e Seguran\u00e7a do trabalho\"},\"image\":{\"@id\":\"https:\\\/\\\/metraseg.com.br\\\/wp\\\/#\\\/schema\\\/logo\\\/image\\\/\"}}]}<\/script>\n<!-- \/ Yoast SEO Premium plugin. -->","yoast_head_json":{"title":"Contato - Metraseg - Medicina e Seguran\u00e7a do trabalho","robots":{"index":"index","follow":"follow","max-snippet":"max-snippet:-1","max-image-preview":"max-image-preview:large","max-video-preview":"max-video-preview:-1"},"canonical":"https:\/\/metraseg.com.br\/wp\/contato\/","og_locale":"pt_BR","og_type":"article","og_title":"Contato","og_url":"https:\/\/metraseg.com.br\/wp\/contato\/","og_site_name":"Metraseg - Medicina e Seguran\u00e7a do trabalho","article_modified_time":"2026-04-09T10:25:44+00:00","twitter_card":"summary_large_image","schema":{"@context":"https:\/\/schema.org","@graph":[{"@type":"WebPage","@id":"https:\/\/metraseg.com.br\/wp\/contato\/","url":"https:\/\/metraseg.com.br\/wp\/contato\/","name":"Contato - Metraseg - Medicina e Seguran\u00e7a do trabalho","isPartOf":{"@id":"https:\/\/metraseg.com.br\/wp\/#website"},"datePublished":"2025-06-23T20:36:12+00:00","dateModified":"2026-04-09T10:25:44+00:00","breadcrumb":{"@id":"https:\/\/metraseg.com.br\/wp\/contato\/#breadcrumb"},"inLanguage":"pt-BR","potentialAction":[{"@type":"ReadAction","target":["https:\/\/metraseg.com.br\/wp\/contato\/"]}]},{"@type":"BreadcrumbList","@id":"https:\/\/metraseg.com.br\/wp\/contato\/#breadcrumb","itemListElement":[{"@type":"ListItem","position":1,"name":"In\u00edcio","item":"https:\/\/metraseg.com.br\/wp\/"},{"@type":"ListItem","position":2,"name":"Contato"}]},{"@type":"WebSite","@id":"https:\/\/metraseg.com.br\/wp\/#website","url":"https:\/\/metraseg.com.br\/wp\/","name":"Metraseg - Medicina e Seguran\u00e7a do trabalho","description":"Solu\u00e7\u00f5es completas em medicina e seguran\u00e7a do trabalho para empresas, com atendimento especializado, exames ocupacionais, laudos, treinamentos e consultoria t\u00e9cnica.","publisher":{"@id":"https:\/\/metraseg.com.br\/wp\/#organization"},"potentialAction":[{"@type":"SearchAction","target":{"@type":"EntryPoint","urlTemplate":"https:\/\/metraseg.com.br\/wp\/?s={search_term_string}"},"query-input":{"@type":"PropertyValueSpecification","valueRequired":true,"valueName":"search_term_string"}}],"inLanguage":"pt-BR"},{"@type":"Organization","@id":"https:\/\/metraseg.com.br\/wp\/#organization","name":"Metraseg - Medicina e Seguran\u00e7a do trabalho","url":"https:\/\/metraseg.com.br\/wp\/","logo":{"@type":"ImageObject","inLanguage":"pt-BR","@id":"https:\/\/metraseg.com.br\/wp\/#\/schema\/logo\/image\/","url":"https:\/\/metraseg.com.br\/wp\/wp-content\/uploads\/2026\/04\/logo-300.png","contentUrl":"https:\/\/metraseg.com.br\/wp\/wp-content\/uploads\/2026\/04\/logo-300.png","width":300,"height":110,"caption":"Metraseg - Medicina e Seguran\u00e7a do trabalho"},"image":{"@id":"https:\/\/metraseg.com.br\/wp\/#\/schema\/logo\/image\/"}}]}},"_links":{"self":[{"href":"https:\/\/metraseg.com.br\/wp\/wp-json\/wp\/v2\/pages\/71","targetHints":{"allow":["GET"]}}],"collection":[{"href":"https:\/\/metraseg.com.br\/wp\/wp-json\/wp\/v2\/pages"}],"about":[{"href":"https:\/\/metraseg.com.br\/wp\/wp-json\/wp\/v2\/types\/page"}],"author":[{"embeddable":true,"href":"https:\/\/metraseg.com.br\/wp\/wp-json\/wp\/v2\/users\/1"}],"replies":[{"embeddable":true,"href":"https:\/\/metraseg.com.br\/wp\/wp-json\/wp\/v2\/comments?post=71"}],"version-history":[{"count":1,"href":"https:\/\/metraseg.com.br\/wp\/wp-json\/wp\/v2\/pages\/71\/revisions"}],"predecessor-version":[{"id":282,"href":"https:\/\/metraseg.com.br\/wp\/wp-json\/wp\/v2\/pages\/71\/revisions\/282"}],"wp:attachment":[{"href":"https:\/\/metraseg.com.br\/wp\/wp-json\/wp\/v2\/media?parent=71"}],"curies":[{"name":"wp","href":"https:\/\/api.w.org\/{rel}","templated":true}]}}